{"id":576,"date":"2017-03-11T13:16:40","date_gmt":"2017-03-11T12:16:40","guid":{"rendered":"https:\/\/www.combraillesdurables.fr\/\/?page_id=576"},"modified":"2019-09-25T17:30:08","modified_gmt":"2019-09-25T15:30:08","slug":"dans-les-medias","status":"publish","type":"page","link":"https:\/\/www.combraillesdurables.fr\/index.php\/dans-les-medias\/","title":{"rendered":"Dans les m\u00e9dias"},"content":{"rendered":"","protected":false},"excerpt":{"rendered":"","protected":false},"author":1,"featured_media":0,"parent":0,"menu_order":0,"comment_status":"closed","ping_status":"closed","template":"","meta":{"_et_pb_use_builder":"on","_et_pb_old_content":"","_et_gb_content_width":"","footnotes":""},"class_list":["post-576","page","type-page","status-publish","hentry"],"yoast_head":"<!-- This site is optimized with the Yoast SEO plugin v27.4 - https:\/\/yoast.com\/product\/yoast-seo-wordpress\/ -->\n<title>Dans les m\u00e9dias - Combrailles Durables<\/title>\n<meta name=\"description\" content=\"Retrouvez Combrailles Durables dans les m\u00e9dias. Presse, Tv et radio vous n&#039;avez qu&#039;\u00e0 cliquer pour tout d\u00e9couvrir \u00e0 nos c\u00f4t\u00e9s\" \/>\n<meta name=\"robots\" content=\"index, follow, max-snippet:-1, max-image-preview:large, max-video-preview:-1\" \/>\n<link rel=\"canonical\" href=\"https:\/\/www.combraillesdurables.fr\/index.php\/dans-les-medias\/\" \/>\n<meta property=\"og:locale\" content=\"fr_FR\" \/>\n<meta property=\"og:type\" content=\"article\" \/>\n<meta property=\"og:title\" content=\"Dans les m\u00e9dias - Combrailles Durables\" \/>\n<meta property=\"og:description\" content=\"Retrouvez Combrailles Durables dans les m\u00e9dias. Presse, Tv et radio vous n&#039;avez qu&#039;\u00e0 cliquer pour tout d\u00e9couvrir \u00e0 nos c\u00f4t\u00e9s\" \/>\n<meta property=\"og:url\" content=\"https:\/\/www.combraillesdurables.fr\/index.php\/dans-les-medias\/\" \/>\n<meta property=\"og:site_name\" content=\"Combrailles Durables\" \/>\n<meta property=\"article:publisher\" content=\"https:\/\/www.facebook.com\/CombraillesDurables\/\" \/>\n<meta property=\"article:modified_time\" content=\"2019-09-25T15:30:08+00:00\" \/>\n<meta name=\"twitter:card\" content=\"summary_large_image\" \/>\n<meta name=\"twitter:site\" content=\"@CombraillesD\" \/>\n<script type=\"application\/ld+json\" class=\"yoast-schema-graph\">{\"@context\":\"https:\\\/\\\/schema.org\",\"@graph\":[{\"@type\":\"WebPage\",\"@id\":\"https:\\\/\\\/www.combraillesdurables.fr\\\/index.php\\\/dans-les-medias\\\/\",\"url\":\"https:\\\/\\\/www.combraillesdurables.fr\\\/index.php\\\/dans-les-medias\\\/\",\"name\":\"Dans les m\u00e9dias - Combrailles Durables\",\"isPartOf\":{\"@id\":\"https:\\\/\\\/www.combraillesdurables.fr\\\/#website\"},\"datePublished\":\"2017-03-11T12:16:40+00:00\",\"dateModified\":\"2019-09-25T15:30:08+00:00\",\"description\":\"Retrouvez Combrailles Durables dans les m\u00e9dias. Presse, Tv et radio vous n'avez qu'\u00e0 cliquer pour tout d\u00e9couvrir \u00e0 nos c\u00f4t\u00e9s\",\"breadcrumb\":{\"@id\":\"https:\\\/\\\/www.combraillesdurables.fr\\\/index.php\\\/dans-les-medias\\\/#breadcrumb\"},\"inLanguage\":\"fr-FR\",\"potentialAction\":[{\"@type\":\"ReadAction\",\"target\":[\"https:\\\/\\\/www.combraillesdurables.fr\\\/index.php\\\/dans-les-medias\\\/\"]}]},{\"@type\":\"BreadcrumbList\",\"@id\":\"https:\\\/\\\/www.combraillesdurables.fr\\\/index.php\\\/dans-les-medias\\\/#breadcrumb\",\"itemListElement\":[{\"@type\":\"ListItem\",\"position\":1,\"name\":\"Accueil\",\"item\":\"https:\\\/\\\/www.combraillesdurables.fr\\\/\"},{\"@type\":\"ListItem\",\"position\":2,\"name\":\"Dans les m\u00e9dias\"}]},{\"@type\":\"WebSite\",\"@id\":\"https:\\\/\\\/www.combraillesdurables.fr\\\/#website\",\"url\":\"https:\\\/\\\/www.combraillesdurables.fr\\\/\",\"name\":\"Combrailles Durables\",\"description\":\"L&#039;appropriation citoyenne de l&#039;\u00e9nergie\",\"publisher\":{\"@id\":\"https:\\\/\\\/www.combraillesdurables.fr\\\/#organization\"},\"potentialAction\":[{\"@type\":\"SearchAction\",\"target\":{\"@type\":\"EntryPoint\",\"urlTemplate\":\"https:\\\/\\\/www.combraillesdurables.fr\\\/?s={search_term_string}\"},\"query-input\":{\"@type\":\"PropertyValueSpecification\",\"valueRequired\":true,\"valueName\":\"search_term_string\"}}],\"inLanguage\":\"fr-FR\"},{\"@type\":\"Organization\",\"@id\":\"https:\\\/\\\/www.combraillesdurables.fr\\\/#organization\",\"name\":\"Combrailles Durables\",\"url\":\"https:\\\/\\\/www.combraillesdurables.fr\\\/\",\"logo\":{\"@type\":\"ImageObject\",\"inLanguage\":\"fr-FR\",\"@id\":\"https:\\\/\\\/www.combraillesdurables.fr\\\/#\\\/schema\\\/logo\\\/image\\\/\",\"url\":\"http:\\\/\\\/www.combraillesdurables.fr\\\/wp-content\\\/uploads\\\/2017\\\/07\\\/Logo_cd_sans_titre.jpg\",\"contentUrl\":\"http:\\\/\\\/www.combraillesdurables.fr\\\/wp-content\\\/uploads\\\/2017\\\/07\\\/Logo_cd_sans_titre.jpg\",\"width\":1032,\"height\":1434,\"caption\":\"Combrailles Durables\"},\"image\":{\"@id\":\"https:\\\/\\\/www.combraillesdurables.fr\\\/#\\\/schema\\\/logo\\\/image\\\/\"},\"sameAs\":[\"https:\\\/\\\/www.facebook.com\\\/CombraillesDurables\\\/\",\"https:\\\/\\\/x.com\\\/CombraillesD\",\"https:\\\/\\\/www.linkedin.com\\\/company\\\/coop\u00e9rative-citoyenne-combrailles-durables\\\/\",\"https:\\\/\\\/www.youtube.com\\\/watch?v=YWw-GFuIsps&amp;amp;amp;amp;amp;list=PLonBK8rvh98W_VSh2nlgNYeloVzJkG61u\"]}]}<\/script>\n<!-- \/ Yoast SEO plugin. -->","yoast_head_json":{"title":"Dans les m\u00e9dias - Combrailles Durables","description":"Retrouvez Combrailles Durables dans les m\u00e9dias. Presse, Tv et radio vous n'avez qu'\u00e0 cliquer pour tout d\u00e9couvrir \u00e0 nos c\u00f4t\u00e9s","robots":{"index":"index","follow":"follow","max-snippet":"max-snippet:-1","max-image-preview":"max-image-preview:large","max-video-preview":"max-video-preview:-1"},"canonical":"https:\/\/www.combraillesdurables.fr\/index.php\/dans-les-medias\/","og_locale":"fr_FR","og_type":"article","og_title":"Dans les m\u00e9dias - Combrailles Durables","og_description":"Retrouvez Combrailles Durables dans les m\u00e9dias. Presse, Tv et radio vous n'avez qu'\u00e0 cliquer pour tout d\u00e9couvrir \u00e0 nos c\u00f4t\u00e9s","og_url":"https:\/\/www.combraillesdurables.fr\/index.php\/dans-les-medias\/","og_site_name":"Combrailles Durables","article_publisher":"https:\/\/www.facebook.com\/CombraillesDurables\/","article_modified_time":"2019-09-25T15:30:08+00:00","twitter_card":"summary_large_image","twitter_site":"@CombraillesD","schema":{"@context":"https:\/\/schema.org","@graph":[{"@type":"WebPage","@id":"https:\/\/www.combraillesdurables.fr\/index.php\/dans-les-medias\/","url":"https:\/\/www.combraillesdurables.fr\/index.php\/dans-les-medias\/","name":"Dans les m\u00e9dias - Combrailles Durables","isPartOf":{"@id":"https:\/\/www.combraillesdurables.fr\/#website"},"datePublished":"2017-03-11T12:16:40+00:00","dateModified":"2019-09-25T15:30:08+00:00","description":"Retrouvez Combrailles Durables dans les m\u00e9dias. Presse, Tv et radio vous n'avez qu'\u00e0 cliquer pour tout d\u00e9couvrir \u00e0 nos c\u00f4t\u00e9s","breadcrumb":{"@id":"https:\/\/www.combraillesdurables.fr\/index.php\/dans-les-medias\/#breadcrumb"},"inLanguage":"fr-FR","potentialAction":[{"@type":"ReadAction","target":["https:\/\/www.combraillesdurables.fr\/index.php\/dans-les-medias\/"]}]},{"@type":"BreadcrumbList","@id":"https:\/\/www.combraillesdurables.fr\/index.php\/dans-les-medias\/#breadcrumb","itemListElement":[{"@type":"ListItem","position":1,"name":"Accueil","item":"https:\/\/www.combraillesdurables.fr\/"},{"@type":"ListItem","position":2,"name":"Dans les m\u00e9dias"}]},{"@type":"WebSite","@id":"https:\/\/www.combraillesdurables.fr\/#website","url":"https:\/\/www.combraillesdurables.fr\/","name":"Combrailles Durables","description":"L&#039;appropriation citoyenne de l&#039;\u00e9nergie","publisher":{"@id":"https:\/\/www.combraillesdurables.fr\/#organization"},"potentialAction":[{"@type":"SearchAction","target":{"@type":"EntryPoint","urlTemplate":"https:\/\/www.combraillesdurables.fr\/?s={search_term_string}"},"query-input":{"@type":"PropertyValueSpecification","valueRequired":true,"valueName":"search_term_string"}}],"inLanguage":"fr-FR"},{"@type":"Organization","@id":"https:\/\/www.combraillesdurables.fr\/#organization","name":"Combrailles Durables","url":"https:\/\/www.combraillesdurables.fr\/","logo":{"@type":"ImageObject","inLanguage":"fr-FR","@id":"https:\/\/www.combraillesdurables.fr\/#\/schema\/logo\/image\/","url":"http:\/\/www.combraillesdurables.fr\/wp-content\/uploads\/2017\/07\/Logo_cd_sans_titre.jpg","contentUrl":"http:\/\/www.combraillesdurables.fr\/wp-content\/uploads\/2017\/07\/Logo_cd_sans_titre.jpg","width":1032,"height":1434,"caption":"Combrailles Durables"},"image":{"@id":"https:\/\/www.combraillesdurables.fr\/#\/schema\/logo\/image\/"},"sameAs":["https:\/\/www.facebook.com\/CombraillesDurables\/","https:\/\/x.com\/CombraillesD","https:\/\/www.linkedin.com\/company\/coop\u00e9rative-citoyenne-combrailles-durables\/","https:\/\/www.youtube.com\/watch?v=YWw-GFuIsps&amp;amp;amp;amp;amp;list=PLonBK8rvh98W_VSh2nlgNYeloVzJkG61u"]}]}},"_links":{"self":[{"href":"https:\/\/www.combraillesdurables.fr\/index.php\/wp-json\/wp\/v2\/pages\/576","targetHints":{"allow":["GET"]}}],"collection":[{"href":"https:\/\/www.combraillesdurables.fr\/index.php\/wp-json\/wp\/v2\/pages"}],"about":[{"href":"https:\/\/www.combraillesdurables.fr\/index.php\/wp-json\/wp\/v2\/types\/page"}],"author":[{"embeddable":true,"href":"https:\/\/www.combraillesdurables.fr\/index.php\/wp-json\/wp\/v2\/users\/1"}],"replies":[{"embeddable":true,"href":"https:\/\/www.combraillesdurables.fr\/index.php\/wp-json\/wp\/v2\/comments?post=576"}],"version-history":[{"count":45,"href":"https:\/\/www.combraillesdurables.fr\/index.php\/wp-json\/wp\/v2\/pages\/576\/revisions"}],"predecessor-version":[{"id":2217,"href":"https:\/\/www.combraillesdurables.fr\/index.php\/wp-json\/wp\/v2\/pages\/576\/revisions\/2217"}],"wp:attachment":[{"href":"https:\/\/www.combraillesdurables.fr\/index.php\/wp-json\/wp\/v2\/media?parent=576"}],"curies":[{"name":"wp","href":"https:\/\/api.w.org\/{rel}","templated":true}]}}